{"id":1001,"date":"2025-10-20T17:57:28","date_gmt":"2025-10-20T17:57:28","guid":{"rendered":"https:\/\/amgluxury.shop\/?page_id=1001"},"modified":"2025-10-20T17:58:16","modified_gmt":"2025-10-20T17:58:16","slug":"politica-de-privacidad","status":"publish","type":"page","link":"https:\/\/amgluxury.shop\/en\/politica-de-privacidad\/","title":{"rendered":"Pol\u00edtica\u00a0de Privacidad"},"content":{"rendered":"<div data-elementor-type=\"wp-page\" data-elementor-id=\"1001\" class=\"elementor elementor-1001\" data-elementor-post-type=\"page\">\n\t\t\t\t<div class=\"elementor-element elementor-element-e2cad0c e-flex e-con-boxed e-con e-parent\" data-id=\"e2cad0c\" data-element_type=\"container\" data-e-type=\"container\" data-settings=\"{&quot;jet_parallax_layout_list&quot;:[]}\">\n\t\t\t\t\t<div class=\"e-con-inner\">\n\t\t\t\t<div class=\"elementor-element elementor-element-f75f1be elementor-widget elementor-widget-heading\" data-id=\"f75f1be\" data-element_type=\"widget\" data-e-type=\"widget\" data-widget_type=\"heading.default\">\n\t\t\t\t<div class=\"elementor-widget-container\">\n\t\t\t\t\t<h2 class=\"elementor-heading-title elementor-size-default\">Privacy policy amgluxury.shop<\/h2>\t\t\t\t<\/div>\n\t\t\t\t<\/div>\n\t\t\t\t<div class=\"elementor-element elementor-element-7212105 elementor-widget elementor-widget-text-editor\" data-id=\"7212105\" data-element_type=\"widget\" data-e-type=\"widget\" data-widget_type=\"text-editor.default\">\n\t\t\t\t<div class=\"elementor-widget-container\">\n\t\t\t\t\t\t\t\t\t<p>In amgluxury.shop we value our users ' privacy and we are committed to protecting your personal information. This policy explains what data we collect, how we use it and the rights you have regarding your data.<\/p><p><strong>Information we collect<\/strong><br \/>We collect personal data that you provide to us voluntarily, such as your name, email address and phone number when you fill in forms or you can contact with us. In addition, we collect data automatically through cookies of its own analysis, using Google Analytics 4 with IP anonymization enabled.<\/p><p><strong>Use of information<\/strong><br \/>We use this information to respond to your requests and improve our website. The analytical data help us to understand the use and behavior on the site without the use of functions advertising or remarketing.<\/p><p><strong>Cookies<\/strong><br \/>Our website uses cookies of its own, limited to basic analysis. You can manage and block cookies from your browser settings. Please note that blocking cookies may affect the functionality of the site.<\/p><p><strong>Security of data<\/strong><br \/>We adopt technical and organizational measures to protect your personal data from unauthorized access, loss or alteration.<\/p><p><strong>User's rights<\/strong><br \/>You have the right to access, correct, or delete your personal data and to withdraw your consent to its use at any time. To exert your rights, or queries related to the protection of data, you can contact us at amgluxuryshop@gmail.com.<\/p><p><strong>Changes in policy<\/strong><br \/>We may update this policy from time to time. Any changes will be reported and posted on this page.<\/p>\t\t\t\t\t\t\t\t<\/div>\n\t\t\t\t<\/div>\n\t\t\t\t\t<\/div>\n\t\t\t\t<\/div>\n\t\t\t\t<\/div>","protected":false},"excerpt":{"rendered":"<p>Pol\u00edtica de Privacidad de amgluxury.shop En amgluxury.shop valoramos la privacidad de nuestros usuarios y estamos comprometidos a proteger su informaci\u00f3n personal. Esta pol\u00edtica explica qu\u00e9 datos recogemos, c\u00f3mo los usamos y los derechos que tienes respecto a tus datos. Informaci\u00f3n que recopilamosRecopilamos datos personales que nos proporcionas voluntariamente, como nombre, correo electr\u00f3nico y tel\u00e9fono cuando [&hellip;]<\/p>\n","protected":false},"author":1,"featured_media":0,"parent":0,"menu_order":0,"comment_status":"closed","ping_status":"closed","template":"elementor_header_footer","meta":{"inline_featured_image":false,"footnotes":""},"class_list":["post-1001","page","type-page","status-publish","hentry"],"_links":{"self":[{"href":"https:\/\/amgluxury.shop\/en\/wp-json\/wp\/v2\/pages\/1001","targetHints":{"allow":["GET"]}}],"collection":[{"href":"https:\/\/amgluxury.shop\/en\/wp-json\/wp\/v2\/pages"}],"about":[{"href":"https:\/\/amgluxury.shop\/en\/wp-json\/wp\/v2\/types\/page"}],"author":[{"embeddable":true,"href":"https:\/\/amgluxury.shop\/en\/wp-json\/wp\/v2\/users\/1"}],"replies":[{"embeddable":true,"href":"https:\/\/amgluxury.shop\/en\/wp-json\/wp\/v2\/comments?post=1001"}],"version-history":[{"count":7,"href":"https:\/\/amgluxury.shop\/en\/wp-json\/wp\/v2\/pages\/1001\/revisions"}],"predecessor-version":[{"id":1009,"href":"https:\/\/amgluxury.shop\/en\/wp-json\/wp\/v2\/pages\/1001\/revisions\/1009"}],"wp:attachment":[{"href":"https:\/\/amgluxury.shop\/en\/wp-json\/wp\/v2\/media?parent=1001"}],"curies":[{"name":"wp","href":"https:\/\/api.w.org\/{rel}","templated":true}]}}